{"id":1178,"date":"2021-08-17T08:28:59","date_gmt":"2021-08-17T08:28:59","guid":{"rendered":"https:\/\/eurovac.nu\/home\/"},"modified":"2025-09-01T08:56:30","modified_gmt":"2025-09-01T06:56:30","slug":"hem","status":"publish","type":"page","link":"https:\/\/eurovac.nu\/en\/","title":{"rendered":"Hem"},"content":{"rendered":"\t\t<div data-elementor-type=\"wp-page\" data-elementor-id=\"1178\" class=\"elementor elementor-1178\" data-elementor-post-type=\"page\">\n\t\t\t\t\t\t<section class=\"elementor-section elementor-top-section elementor-element elementor-element-b8778ba elementor-section-height-min-height elementor-section-boxed elementor-section-height-default elementor-section-items-middle\" data-id=\"b8778ba\" data-element_type=\"section\" data-e-type=\"section\" data-settings=\"{&quot;background_background&quot;:&quot;slideshow&quot;,&quot;background_slideshow_gallery&quot;:[{&quot;id&quot;:33,&quot;url&quot;:&quot;https:\\\/\\\/eurovac.nu\\\/wp-content\\\/uploads\\\/2023\\\/11\\\/Startsida_1-scaled.jpg&quot;},{&quot;id&quot;:32,&quot;url&quot;:&quot;https:\\\/\\\/eurovac.nu\\\/wp-content\\\/uploads\\\/2023\\\/11\\\/Startsida_2.jpg&quot;},{&quot;id&quot;:31,&quot;url&quot;:&quot;https:\\\/\\\/eurovac.nu\\\/wp-content\\\/uploads\\\/2023\\\/11\\\/Startsida_3.jpg&quot;},{&quot;id&quot;:30,&quot;url&quot;:&quot;https:\\\/\\\/eurovac.nu\\\/wp-content\\\/uploads\\\/2023\\\/11\\\/Startsida_4-scaled.jpg&quot;},{&quot;id&quot;:29,&quot;url&quot;:&quot;https:\\\/\\\/eurovac.nu\\\/wp-content\\\/uploads\\\/2023\\\/11\\\/Startsida_5-scaled.jpg&quot;},{&quot;id&quot;:28,&quot;url&quot;:&quot;https:\\\/\\\/eurovac.nu\\\/wp-content\\\/uploads\\\/2023\\\/11\\\/Startsida_6.jpg&quot;}],&quot;background_slideshow_loop&quot;:&quot;yes&quot;,&quot;background_slideshow_slide_duration&quot;:5000,&quot;background_slideshow_slide_transition&quot;:&quot;fade&quot;,&quot;background_slideshow_transition_duration&quot;:500}\">\n\t\t\t\t\t\t\t<div class=\"elementor-background-overlay\"><\/div>\n\t\t\t\t\t\t\t<div class=\"elementor-container elementor-column-gap-no\">\n\t\t\t\t\t<div class=\"elementor-column elementor-col-100 elementor-top-column elementor-element elementor-element-e07d206\" data-id=\"e07d206\" data-element_type=\"column\" data-e-type=\"column\">\n\t\t\t<div class=\"elementor-widget-wrap elementor-element-populated\">\n\t\t\t\t\t\t<div class=\"elementor-element elementor-element-a9b099e elementor-widget elementor-widget-heading\" data-id=\"a9b099e\" data-element_type=\"widget\" data-e-type=\"widget\" data-widget_type=\"heading.default\">\n\t\t\t\t<div class=\"elementor-widget-container\">\n\t\t\t\t\t<h6 class=\"elementor-heading-title elementor-size-default\">V\u00e4lkommen till Svenska Eurovac AB<\/h6>\t\t\t\t<\/div>\n\t\t\t\t<\/div>\n\t\t\t\t<div class=\"elementor-element elementor-element-4a6ab40 elementor-widget elementor-widget-heading\" data-id=\"4a6ab40\" data-element_type=\"widget\" data-e-type=\"widget\" data-widget_type=\"heading.default\">\n\t\t\t\t<div class=\"elementor-widget-container\">\n\t\t\t\t\t<h1 class=\"elementor-heading-title elementor-size-default\">Centralsuganl\u00e4ggningar f\u00f6r Industri<\/h1>\t\t\t\t<\/div>\n\t\t\t\t<\/div>\n\t\t\t\t<section class=\"elementor-section elementor-inner-section elementor-element elementor-element-745dbb2 elementor-section-boxed elementor-section-height-default elementor-section-height-default\" data-id=\"745dbb2\" data-element_type=\"section\" data-e-type=\"section\">\n\t\t\t\t\t\t<div class=\"elementor-container elementor-column-gap-default\">\n\t\t\t\t\t<div class=\"elementor-column elementor-col-50 elementor-inner-column elementor-element elementor-element-7a7c628\" data-id=\"7a7c628\" data-element_type=\"column\" data-e-type=\"column\">\n\t\t\t<div class=\"elementor-widget-wrap elementor-element-populated\">\n\t\t\t\t\t\t<div class=\"elementor-element elementor-element-86146d1 elementor-align-justify elementor-widget elementor-widget-button\" data-id=\"86146d1\" data-element_type=\"widget\" data-e-type=\"widget\" data-widget_type=\"button.default\">\n\t\t\t\t<div class=\"elementor-widget-container\">\n\t\t\t\t\t\t\t\t\t<div class=\"elementor-button-wrapper\">\n\t\t\t\t\t<a class=\"elementor-button elementor-button-link elementor-size-sm\" href=\"\/industriprodukter\/\">\n\t\t\t\t\t\t<span class=\"elementor-button-content-wrapper\">\n\t\t\t\t\t\t\t\t\t<span class=\"elementor-button-text\">Se v\u00e5ra Industriprodukter<\/span>\n\t\t\t\t\t<\/span>\n\t\t\t\t\t<\/a>\n\t\t\t\t<\/div>\n\t\t\t\t\t\t\t\t<\/div>\n\t\t\t\t<\/div>\n\t\t\t\t\t<\/div>\n\t\t<\/div>\n\t\t\t\t<div class=\"elementor-column elementor-col-50 elementor-inner-column elementor-element elementor-element-cc201e6\" data-id=\"cc201e6\" data-element_type=\"column\" data-e-type=\"column\">\n\t\t\t<div class=\"elementor-widget-wrap elementor-element-populated\">\n\t\t\t\t\t\t<div class=\"elementor-element elementor-element-91ea1fb elementor-align-justify elementor-widget elementor-widget-button\" data-id=\"91ea1fb\" data-element_type=\"widget\" data-e-type=\"widget\" data-widget_type=\"button.default\">\n\t\t\t\t<div class=\"elementor-widget-container\">\n\t\t\t\t\t\t\t\t\t<div class=\"elementor-button-wrapper\">\n\t\t\t\t\t<a class=\"elementor-button elementor-button-link elementor-size-sm\" href=\"\/kontakt\/\">\n\t\t\t\t\t\t<span class=\"elementor-button-content-wrapper\">\n\t\t\t\t\t\t\t\t\t<span class=\"elementor-button-text\">Kontakta oss<\/span>\n\t\t\t\t\t<\/span>\n\t\t\t\t\t<\/a>\n\t\t\t\t<\/div>\n\t\t\t\t\t\t\t\t<\/div>\n\t\t\t\t<\/div>\n\t\t\t\t\t<\/div>\n\t\t<\/div>\n\t\t\t\t\t<\/div>\n\t\t<\/section>\n\t\t\t\t\t<\/div>\n\t\t<\/div>\n\t\t\t\t\t<\/div>\n\t\t<\/section>\n\t\t\t\t<section class=\"elementor-section elementor-top-section elementor-element elementor-element-afdf42e elementor-section-boxed elementor-section-height-default elementor-section-height-default\" data-id=\"afdf42e\" data-element_type=\"section\" data-e-type=\"section\" data-settings=\"{&quot;background_background&quot;:&quot;classic&quot;}\">\n\t\t\t\t\t\t<div class=\"elementor-container elementor-column-gap-default\">\n\t\t\t\t\t<div class=\"elementor-column elementor-col-100 elementor-top-column elementor-element elementor-element-231f77b\" data-id=\"231f77b\" data-element_type=\"column\" data-e-type=\"column\">\n\t\t\t<div class=\"elementor-widget-wrap elementor-element-populated\">\n\t\t\t\t\t\t<div class=\"elementor-element elementor-element-b4424c7 elementor-widget elementor-widget-heading\" data-id=\"b4424c7\" data-element_type=\"widget\" data-e-type=\"widget\" data-widget_type=\"heading.default\">\n\t\t\t\t<div class=\"elementor-widget-container\">\n\t\t\t\t\t<h2 class=\"elementor-heading-title elementor-size-default\">Centralsuganl\u00e4ggningar<\/h2>\t\t\t\t<\/div>\n\t\t\t\t<\/div>\n\t\t\t\t<div class=\"elementor-element elementor-element-b3236e4 elementor-widget elementor-widget-text-editor\" data-id=\"b3236e4\" data-element_type=\"widget\" data-e-type=\"widget\" data-widget_type=\"text-editor.default\">\n\t\t\t\t<div class=\"elementor-widget-container\">\n\t\t\t\t\t\t\t\t\t<p>Vi levererar utrustning som mobila sugenheter eller station\u00e4ra suganl\u00e4ggningar. Produkterna innefattar alltifr\u00e5n olika typer av fl\u00e4ktar, filter, r\u00f6rsystem, omkringutrustning och\u00a0automatik beroende p\u00e5 vilken typ av stoft och material som skall transporteras.<\/p><p>F\u00f6r punktutsug av r\u00f6k, \u00e5ngor,gaser och finare stoft till t.ex. livsmedelsindustrin, laboratorier, verkst\u00e4der och skolor levererar vi utsugsarmar, fl\u00e4ktar samt patronfilter i olika utf\u00f6randen.<\/p>\t\t\t\t\t\t\t\t<\/div>\n\t\t\t\t<\/div>\n\t\t\t\t<div class=\"elementor-element elementor-element-22bd844 elementor-align-center elementor-widget elementor-widget-button\" data-id=\"22bd844\" data-element_type=\"widget\" data-e-type=\"widget\" data-widget_type=\"button.default\">\n\t\t\t\t<div class=\"elementor-widget-container\">\n\t\t\t\t\t\t\t\t\t<div class=\"elementor-button-wrapper\">\n\t\t\t\t\t<a class=\"elementor-button elementor-button-link elementor-size-sm\" href=\"\/industriprodukter\/\">\n\t\t\t\t\t\t<span class=\"elementor-button-content-wrapper\">\n\t\t\t\t\t\t\t\t\t<span class=\"elementor-button-text\">Utforska v\u00e5rt produktsortiment<\/span>\n\t\t\t\t\t<\/span>\n\t\t\t\t\t<\/a>\n\t\t\t\t<\/div>\n\t\t\t\t\t\t\t\t<\/div>\n\t\t\t\t<\/div>\n\t\t\t\t\t<\/div>\n\t\t<\/div>\n\t\t\t\t\t<\/div>\n\t\t<\/section>\n\t\t\t\t<section class=\"elementor-section elementor-top-section elementor-element elementor-element-011bd32 elementor-section-boxed elementor-section-height-default elementor-section-height-default\" data-id=\"011bd32\" data-element_type=\"section\" data-e-type=\"section\" data-settings=\"{&quot;background_background&quot;:&quot;classic&quot;}\">\n\t\t\t\t\t\t<div class=\"elementor-container elementor-column-gap-default\">\n\t\t\t\t\t<div class=\"elementor-column elementor-col-100 elementor-top-column elementor-element elementor-element-8898edb\" data-id=\"8898edb\" data-element_type=\"column\" data-e-type=\"column\">\n\t\t\t<div class=\"elementor-widget-wrap elementor-element-populated\">\n\t\t\t\t\t\t<div class=\"elementor-element elementor-element-529327b elementor-widget elementor-widget-heading\" data-id=\"529327b\" data-element_type=\"widget\" data-e-type=\"widget\" data-widget_type=\"heading.default\">\n\t\t\t\t<div class=\"elementor-widget-container\">\n\t\t\t\t\t<h2 class=\"elementor-heading-title elementor-size-default\">Senaste industriprodukterna<\/h2>\t\t\t\t<\/div>\n\t\t\t\t<\/div>\n\t\t\t\t<div class=\"elementor-element elementor-element-3ae2ebc elementor-grid-4 elementor-grid-tablet-3 elementor-grid-mobile-2 elementor-products-grid elementor-wc-products elementor-widget elementor-widget-woocommerce-products\" data-id=\"3ae2ebc\" data-element_type=\"widget\" data-e-type=\"widget\" data-widget_type=\"woocommerce-products.default\">\n\t\t\t\t<div class=\"elementor-widget-container\">\n\t\t\t\t\t<div class=\"woocommerce columns-4 \"><ul class=\"products elementor-grid columns-4\">\n<li class=\"desktop-align-left tablet-align-left mobile-align-left product type-product post-2204 status-publish first instock product_cat-punktutsug has-post-thumbnail shipping-taxable product-type-simple\">\n\t<a href=\"https:\/\/eurovac.nu\/en\/punktutsug\/eurovac-pur-8000\/\" class=\"woocommerce-LoopProduct-link woocommerce-loop-product__link\"><img fetchpriority=\"high\" decoding=\"async\" width=\"300\" height=\"300\" src=\"https:\/\/eurovac.nu\/wp-content\/uploads\/2024\/01\/Eurovac-PUR-8000-300x300.jpg\" class=\"attachment-woocommerce_thumbnail size-woocommerce_thumbnail\" alt=\"Eurovac PUR 8000\" srcset=\"https:\/\/eurovac.nu\/wp-content\/uploads\/2024\/01\/Eurovac-PUR-8000-300x300.jpg 300w, https:\/\/eurovac.nu\/wp-content\/uploads\/2024\/01\/Eurovac-PUR-8000-150x150.jpg 150w, https:\/\/eurovac.nu\/wp-content\/uploads\/2024\/01\/Eurovac-PUR-8000-100x100.jpg 100w\" sizes=\"(max-width: 300px) 100vw, 300px\" title=\"\"><h2 class=\"woocommerce-loop-product__title\">Eurovac PUR 8000<\/h2>\n<\/a><div class=\"woocommerce-loop-product__buttons\"><a href=\"https:\/\/eurovac.nu\/en\/punktutsug\/eurovac-pur-8000\/\" aria-describedby=\"woocommerce_loop_add_to_cart_link_describedby_2204\" data-quantity=\"1\" class=\"button product_type_simple\" data-product_id=\"2204\" data-product_sku=\"\" aria-label=\"Read more about &ldquo;Eurovac PUR 8000&rdquo;\" rel=\"nofollow\" data-success_message=\"\">Read more<\/a><\/div>\t<span id=\"woocommerce_loop_add_to_cart_link_describedby_2204\" class=\"screen-reader-text\">\n\t\t\t<\/span>\n<\/li>\n<li class=\"desktop-align-left tablet-align-left mobile-align-left product type-product post-2200 status-publish instock product_cat-punktutsug has-post-thumbnail shipping-taxable product-type-simple\">\n\t<a href=\"https:\/\/eurovac.nu\/en\/punktutsug\/eurovac-pur-8-20\/\" class=\"woocommerce-LoopProduct-link woocommerce-loop-product__link\"><img decoding=\"async\" width=\"300\" height=\"300\" src=\"https:\/\/eurovac.nu\/wp-content\/uploads\/2024\/01\/Eurovac-PUR-8_20-300x300.jpg\" class=\"attachment-woocommerce_thumbnail size-woocommerce_thumbnail\" alt=\"Eurovac PUR 8\/20\" srcset=\"https:\/\/eurovac.nu\/wp-content\/uploads\/2024\/01\/Eurovac-PUR-8_20-300x300.jpg 300w, https:\/\/eurovac.nu\/wp-content\/uploads\/2024\/01\/Eurovac-PUR-8_20-150x150.jpg 150w, https:\/\/eurovac.nu\/wp-content\/uploads\/2024\/01\/Eurovac-PUR-8_20-100x100.jpg 100w\" sizes=\"(max-width: 300px) 100vw, 300px\" title=\"\"><h2 class=\"woocommerce-loop-product__title\">Eurovac PUR 8\/20<\/h2>\n<\/a><div class=\"woocommerce-loop-product__buttons\"><a href=\"https:\/\/eurovac.nu\/en\/punktutsug\/eurovac-pur-8-20\/\" aria-describedby=\"woocommerce_loop_add_to_cart_link_describedby_2200\" data-quantity=\"1\" class=\"button product_type_simple\" data-product_id=\"2200\" data-product_sku=\"\" aria-label=\"Read more about &ldquo;Eurovac PUR 8\/20&rdquo;\" rel=\"nofollow\" data-success_message=\"\">Read more<\/a><\/div>\t<span id=\"woocommerce_loop_add_to_cart_link_describedby_2200\" class=\"screen-reader-text\">\n\t\t\t<\/span>\n<\/li>\n<li class=\"desktop-align-left tablet-align-left mobile-align-left product type-product post-2066 status-publish instock product_cat-filtersystem has-post-thumbnail shipping-taxable product-type-simple\">\n\t<a href=\"https:\/\/eurovac.nu\/en\/filtersystem\/slangfilter-580-900-1400\/\" class=\"woocommerce-LoopProduct-link woocommerce-loop-product__link\"><img decoding=\"async\" width=\"300\" height=\"300\" src=\"https:\/\/eurovac.nu\/wp-content\/uploads\/2023\/12\/Bild_slangfilter_580_900_1400-300x300.png\" class=\"attachment-woocommerce_thumbnail size-woocommerce_thumbnail\" alt=\"Slangfilter 580, 900 &amp; 1400\" srcset=\"https:\/\/eurovac.nu\/wp-content\/uploads\/2023\/12\/Bild_slangfilter_580_900_1400-300x300.png 300w, https:\/\/eurovac.nu\/wp-content\/uploads\/2023\/12\/Bild_slangfilter_580_900_1400-150x150.png 150w, https:\/\/eurovac.nu\/wp-content\/uploads\/2023\/12\/Bild_slangfilter_580_900_1400-100x100.png 100w\" sizes=\"(max-width: 300px) 100vw, 300px\" title=\"\"><h2 class=\"woocommerce-loop-product__title\">Slangfilter 580, 900 &#038; 1400<\/h2>\n<\/a><div class=\"woocommerce-loop-product__buttons\"><a href=\"https:\/\/eurovac.nu\/en\/filtersystem\/slangfilter-580-900-1400\/\" aria-describedby=\"woocommerce_loop_add_to_cart_link_describedby_2066\" data-quantity=\"1\" class=\"button product_type_simple\" data-product_id=\"2066\" data-product_sku=\"\" aria-label=\"Read more about &ldquo;Slangfilter 580, 900 &amp; 1400&rdquo;\" rel=\"nofollow\" data-success_message=\"\">Read more<\/a><\/div>\t<span id=\"woocommerce_loop_add_to_cart_link_describedby_2066\" class=\"screen-reader-text\">\n\t\t\t<\/span>\n<\/li>\n<li class=\"desktop-align-left tablet-align-left mobile-align-left product type-product post-2036 status-publish last instock product_cat-okategoriserad has-post-thumbnail shipping-taxable product-type-simple\">\n\t<a href=\"https:\/\/eurovac.nu\/en\/okategoriserad\/vjfb\/\" class=\"woocommerce-LoopProduct-link woocommerce-loop-product__link\"><img loading=\"lazy\" decoding=\"async\" width=\"300\" height=\"300\" src=\"https:\/\/eurovac.nu\/wp-content\/uploads\/2023\/12\/Bild_VJFB-300x300.png\" class=\"attachment-woocommerce_thumbnail size-woocommerce_thumbnail\" alt=\"VJFB\" srcset=\"https:\/\/eurovac.nu\/wp-content\/uploads\/2023\/12\/Bild_VJFB-300x300.png 300w, https:\/\/eurovac.nu\/wp-content\/uploads\/2023\/12\/Bild_VJFB-150x150.png 150w, https:\/\/eurovac.nu\/wp-content\/uploads\/2023\/12\/Bild_VJFB-100x100.png 100w\" sizes=\"(max-width: 300px) 100vw, 300px\" title=\"\"><h2 class=\"woocommerce-loop-product__title\">VJFB<\/h2>\n<\/a><div class=\"woocommerce-loop-product__buttons\"><a href=\"https:\/\/eurovac.nu\/en\/okategoriserad\/vjfb\/\" aria-describedby=\"woocommerce_loop_add_to_cart_link_describedby_2036\" data-quantity=\"1\" class=\"button product_type_simple\" data-product_id=\"2036\" data-product_sku=\"\" aria-label=\"Read more about &ldquo;VJFB&rdquo;\" rel=\"nofollow\" data-success_message=\"\">Read more<\/a><\/div>\t<span id=\"woocommerce_loop_add_to_cart_link_describedby_2036\" class=\"screen-reader-text\">\n\t\t\t<\/span>\n<\/li>\n<\/ul>\n<\/div>\t\t\t\t<\/div>\n\t\t\t\t<\/div>\n\t\t\t\t<div class=\"elementor-element elementor-element-080f6c2 elementor-align-center elementor-widget elementor-widget-button\" data-id=\"080f6c2\" data-element_type=\"widget\" data-e-type=\"widget\" data-widget_type=\"button.default\">\n\t\t\t\t<div class=\"elementor-widget-container\">\n\t\t\t\t\t\t\t\t\t<div class=\"elementor-button-wrapper\">\n\t\t\t\t\t<a class=\"elementor-button elementor-button-link elementor-size-sm\" href=\"\/industriprodukter\/\">\n\t\t\t\t\t\t<span class=\"elementor-button-content-wrapper\">\n\t\t\t\t\t\t\t\t\t<span class=\"elementor-button-text\">Se alla industriprodukter<\/span>\n\t\t\t\t\t<\/span>\n\t\t\t\t\t<\/a>\n\t\t\t\t<\/div>\n\t\t\t\t\t\t\t\t<\/div>\n\t\t\t\t<\/div>\n\t\t\t\t\t<\/div>\n\t\t<\/div>\n\t\t\t\t\t<\/div>\n\t\t<\/section>\n\t\t\t\t<section class=\"elementor-section elementor-top-section elementor-element elementor-element-04b6135 elementor-section-boxed elementor-section-height-default elementor-section-height-default\" data-id=\"04b6135\" data-element_type=\"section\" data-e-type=\"section\" data-settings=\"{&quot;background_background&quot;:&quot;classic&quot;}\">\n\t\t\t\t\t\t\t<div class=\"elementor-background-overlay\"><\/div>\n\t\t\t\t\t\t\t<div class=\"elementor-container elementor-column-gap-no\">\n\t\t\t\t\t<div class=\"elementor-column elementor-col-100 elementor-top-column elementor-element elementor-element-f3f2f2e\" data-id=\"f3f2f2e\" data-element_type=\"column\" data-e-type=\"column\">\n\t\t\t<div class=\"elementor-widget-wrap elementor-element-populated\">\n\t\t\t\t\t\t<div class=\"elementor-element elementor-element-c013106 elementor-widget elementor-widget-heading\" data-id=\"c013106\" data-element_type=\"widget\" data-e-type=\"widget\" data-widget_type=\"heading.default\">\n\t\t\t\t<div class=\"elementor-widget-container\">\n\t\t\t\t\t<h6 class=\"elementor-heading-title elementor-size-default\">Vi hj\u00e4lper dig<\/h6>\t\t\t\t<\/div>\n\t\t\t\t<\/div>\n\t\t\t\t<div class=\"elementor-element elementor-element-447d2ae elementor-widget elementor-widget-heading\" data-id=\"447d2ae\" data-element_type=\"widget\" data-e-type=\"widget\" data-widget_type=\"heading.default\">\n\t\t\t\t<div class=\"elementor-widget-container\">\n\t\t\t\t\t<h3 class=\"elementor-heading-title elementor-size-default\">Har du en fr\u00e5ga?<\/h3>\t\t\t\t<\/div>\n\t\t\t\t<\/div>\n\t\t\t\t<div class=\"elementor-element elementor-element-7df0aff elementor-widget elementor-widget-text-editor\" data-id=\"7df0aff\" data-element_type=\"widget\" data-e-type=\"widget\" data-widget_type=\"text-editor.default\">\n\t\t\t\t<div class=\"elementor-widget-container\">\n\t\t\t\t\t\t\t\t\t<p>Varmt v\u00e4lkommen att kontakta oss<\/p>\t\t\t\t\t\t\t\t<\/div>\n\t\t\t\t<\/div>\n\t\t\t\t<div class=\"elementor-element elementor-element-e9ae3ba elementor-align-center elementor-mobile-align-center elementor-widget elementor-widget-button\" data-id=\"e9ae3ba\" data-element_type=\"widget\" data-e-type=\"widget\" data-widget_type=\"button.default\">\n\t\t\t\t<div class=\"elementor-widget-container\">\n\t\t\t\t\t\t\t\t\t<div class=\"elementor-button-wrapper\">\n\t\t\t\t\t<a class=\"elementor-button elementor-button-link elementor-size-sm\" href=\"\/kontakt\/\">\n\t\t\t\t\t\t<span class=\"elementor-button-content-wrapper\">\n\t\t\t\t\t\t\t\t\t<span class=\"elementor-button-text\">Kontakta oss<\/span>\n\t\t\t\t\t<\/span>\n\t\t\t\t\t<\/a>\n\t\t\t\t<\/div>\n\t\t\t\t\t\t\t\t<\/div>\n\t\t\t\t<\/div>\n\t\t\t\t\t<\/div>\n\t\t<\/div>\n\t\t\t\t\t<\/div>\n\t\t<\/section>\n\t\t\t\t<\/div>\n\t\t","protected":false},"excerpt":{"rendered":"<p>V\u00e4lkommen till Svenska Eurovac AB Centralsuganl\u00e4ggningar f\u00f6r Industri Se v\u00e5ra Industriprodukter Kontakta oss Centralsuganl\u00e4ggningar Vi levererar utrustning som mobila sugenheter eller station\u00e4ra suganl\u00e4ggningar. Produkterna innefattar alltifr\u00e5n olika typer av fl\u00e4ktar, filter, r\u00f6rsystem, omkringutrustning och\u00a0automatik beroende p\u00e5 vilken typ av stoft och material som skall transporteras. F\u00f6r punktutsug av r\u00f6k, \u00e5ngor,gaser och finare stoft till t.ex. [&hellip;]<\/p>\n","protected":false},"author":1,"featured_media":0,"parent":0,"menu_order":0,"comment_status":"closed","ping_status":"closed","template":"","meta":{"site-sidebar-layout":"no-sidebar","site-content-layout":"page-builder","ast-site-content-layout":"default","site-content-style":"default","site-sidebar-style":"default","ast-global-header-display":"","ast-banner-title-visibility":"","ast-main-header-display":"","ast-hfb-above-header-display":"","ast-hfb-below-header-display":"","ast-hfb-mobile-header-display":"","site-post-title":"disabled","ast-breadcrumbs-content":"disabled","ast-featured-img":"disabled","footer-sml-layout":"","ast-disable-related-posts":"","theme-transparent-header-meta":"enabled","adv-header-id-meta":"","stick-header-meta":"","header-above-stick-meta":"","header-main-stick-meta":"","header-below-stick-meta":"","astra-migrate-meta-layouts":"default","ast-page-background-enabled":"default","ast-page-background-meta":{"desktop":{"background-color":"var(--ast-global-color-4)","background-image":"","background-repeat":"repeat","background-position":"center center","background-size":"auto","background-attachment":"scroll","background-type":"","background-media":"","overlay-type":"","overlay-color":"","overlay-opacity":"","overlay-gradient":""},"tablet":{"background-color":"","background-image":"","background-repeat":"repeat","background-position":"center center","background-size":"auto","background-attachment":"scroll","background-type":"","background-media":"","overlay-type":"","overlay-color":"","overlay-opacity":"","overlay-gradient":""},"mobile":{"background-color":"","background-image":"","background-repeat":"repeat","background-position":"center center","background-size":"auto","background-attachment":"scroll","background-type":"","background-media":"","overlay-type":"","overlay-color":"","overlay-opacity":"","overlay-gradient":""}},"ast-content-background-meta":{"desktop":{"background-color":"var(--ast-global-color-5)","background-image":"","background-repeat":"repeat","background-position":"center center","background-size":"auto","background-attachment":"scroll","background-type":"","background-media":"","overlay-type":"","overlay-color":"","overlay-opacity":"","overlay-gradient":""},"tablet":{"background-color":"var(--ast-global-color-5)","background-image":"","background-repeat":"repeat","background-position":"center center","background-size":"auto","background-attachment":"scroll","background-type":"","background-media":"","overlay-type":"","overlay-color":"","overlay-opacity":"","overlay-gradient":""},"mobile":{"background-color":"var(--ast-global-color-5)","background-image":"","background-repeat":"repeat","background-position":"center center","background-size":"auto","background-attachment":"scroll","background-type":"","background-media":"","overlay-type":"","overlay-color":"","overlay-opacity":"","overlay-gradient":""}},"footnotes":""},"class_list":["post-1178","page","type-page","status-publish","hentry"],"_links":{"self":[{"href":"https:\/\/eurovac.nu\/en\/wp-json\/wp\/v2\/pages\/1178","targetHints":{"allow":["GET"]}}],"collection":[{"href":"https:\/\/eurovac.nu\/en\/wp-json\/wp\/v2\/pages"}],"about":[{"href":"https:\/\/eurovac.nu\/en\/wp-json\/wp\/v2\/types\/page"}],"author":[{"embeddable":true,"href":"https:\/\/eurovac.nu\/en\/wp-json\/wp\/v2\/users\/1"}],"replies":[{"embeddable":true,"href":"https:\/\/eurovac.nu\/en\/wp-json\/wp\/v2\/comments?post=1178"}],"version-history":[{"count":62,"href":"https:\/\/eurovac.nu\/en\/wp-json\/wp\/v2\/pages\/1178\/revisions"}],"predecessor-version":[{"id":2539,"href":"https:\/\/eurovac.nu\/en\/wp-json\/wp\/v2\/pages\/1178\/revisions\/2539"}],"wp:attachment":[{"href":"https:\/\/eurovac.nu\/en\/wp-json\/wp\/v2\/media?parent=1178"}],"curies":[{"name":"wp","href":"https:\/\/api.w.org\/{rel}","templated":true}]}}