{"id":1744,"date":"2023-11-30T09:25:56","date_gmt":"2023-11-30T08:25:56","guid":{"rendered":"https:\/\/eurovac.nu\/?post_type=product&#038;p=1744"},"modified":"2026-04-02T13:00:55","modified_gmt":"2026-04-02T11:00:55","slug":"filtercontainer-hjullastare","status":"publish","type":"product","link":"https:\/\/eurovac.nu\/en\/centraldammsugare\/filtercontainer-hjullastare\/","title":{"rendered":"Filter container wheel loader"},"content":{"rendered":"<div style=\"display: grid; grid-template-columns: repeat(2, minmax(260px, 1fr)); gap: 20px; margin: 30px 0; font-family: Arial, sans-serif;\">\n<div style=\"border: 1px solid #d9d9d9; padding: 20px; border-radius: 8px; background: #f9f9f9;\">\n<h3 style=\"margin-top: 0; font-size: 13px;\">Teknisk specifikation<\/h3>\n<p style=\"margin: 8px 0;\"><strong>Containervolym:<\/strong> 1,5 \u2013 5 m\u00b3<\/p>\n<p style=\"margin: 8px 0;\"><strong>Filteryta:<\/strong> 10 \u2013 20 m\u00b2<\/p>\n<p style=\"margin: 8px 0;\"><strong>Filtertyp:<\/strong> Slangfilter eller stj\u00e4rnfilter<\/p>\n<p style=\"margin: 8px 0;\"><strong>Filterreng\u00f6ring:<\/strong> Automatisk tryckluftsreng\u00f6ring eller backspolning<\/p>\n<p style=\"margin: 8px 0;\"><strong>T\u00f6mning:<\/strong> Manuell eller pneumatisk<\/p>\n<p style=\"margin: 8px 0;\"><strong>Anslutningar:<\/strong> Camlock och Hartingkoppling<\/p>\n<p style=\"margin: 8px 0;\"><strong>Ytbehandling:<\/strong> Korrosionsklass C3<\/p>\n<\/div>\n<div style=\"border: 1px solid #d9d9d9; padding: 20px; border-radius: 8px; background: #f9f9f9;\">\n<h3 style=\"margin-top: 0; font-size: 13px;\">Integrerat sugaggregat<\/h3>\n<p style=\"margin: 8px 0;\"><strong>Effektalternativ:<\/strong> 11 \u2013 28 kW<\/p>\n<p style=\"margin: 8px 0;\"><strong>Elmatning:<\/strong> 32A eller 63A, 400V<\/p>\n<p style=\"margin: 8px 0;\"><strong>Utf\u00f6rande:<\/strong> Integrerat aggregat i ljudisolerat bullerhus<\/p>\n<p style=\"margin: 8px 0;\"><strong>Plug-In:<\/strong> ECC-koppling<\/p>\n<p style=\"margin: 8px 0;\"><strong>Tryckluft:<\/strong> Kan utrustas med egen kompressor<\/p>\n<p style=\"margin: 8px 0;\"><strong>Max containervolym:<\/strong> Upp till 2 m\u00b3<\/p>\n<p style=\"margin: 8px 0;\"><strong>Max filteryta:<\/strong> Upp till 15 m\u00b2<\/p>\n<\/div>\n<div style=\"border: 1px solid #d9d9d9; padding: 20px; border-radius: 8px; background: #f9f9f9;\">\n<h3 style=\"margin-top: 0; font-size: 13px;\">Tillval<\/h3>\n<p style=\"margin: 8px 0;\">Pneumatisk t\u00f6mningslucka<\/p>\n<p style=\"margin: 8px 0;\">ATEX-certifierade spr\u00e4ngbleck<\/p>\n<p style=\"margin: 8px 0;\">Korrosionsklass C4<\/p>\n<p style=\"margin: 8px 0;\">Integrerad tryckluftskompressor<\/p>\n<p style=\"margin: 8px 0;\">Anpassade f\u00e4sten f\u00f6r olika hjullastare<\/p>\n<\/div>\n<div style=\"border: 1px solid #d9d9d9; padding: 20px; border-radius: 8px; background: #f9f9f9;\">\n<h3 style=\"margin-top: 0; font-size: 13px;\">Anv\u00e4ndningsomr\u00e5den<\/h3>\n<ul>\n<li>Heating plants<\/li>\n<li>Spannm\u00e5lsanl\u00e4ggningar<\/li>\n<li>Metal industry<\/li>\n<li>Plastindustri<\/li>\n<li>Andra applikationer med krav p\u00e5 h\u00f6g sugkraft<\/li>\n<\/ul>\n<\/div>\n<\/div>","protected":false},"excerpt":{"rendered":"<p>Filtercontainers avsedda f\u00f6r hantering med hjullastare levereras i storlekar fr\u00e5n 1,5 \u2013 5m2. Filteryta fr\u00e5n 10 \u2013 20m2 beroende p\u00e5 container storlek. Samtliga modeller levereras med automatisk tryckluftsdriven filterrensning eller med backspolning f\u00f6r en optimal filterreng\u00f6ring.<\/p>\n<p>Filtercontainers levereras utrustade med slangfilter eller med v\u00e5ra st\u00f6rre stj\u00e4rnfilter. Levereras med olika typer av f\u00e4sten f\u00f6r hjullastare beroende p\u00e5 vilken hjullastar modell som skall anv\u00e4ndas.<\/p>\n<p><strong>Enheterna \u00e4r utrustade med en stor t\u00f6mningslucka p\u00e5 fronten som g\u00f6r t\u00f6mningen av material och stoft enkel och bekv\u00e4m.<\/strong><\/p>\n<p>T\u00f6mningsluckan kan \u00e4ven f\u00f6rses med pneumatisk t\u00f6mning via manuell pump eller fr\u00e5n hytten i hjullastaren. Slanganslutningar \u00e4r av typ Camlock och styrkabel f\u00f6rsedd med Hartingkoppling b\u00e4ddar f\u00f6r en enkel lossning av filtercontainer f\u00f6r t\u00f6mning. Filtercontainers kan f\u00f6rses med ATEX certificerade spr\u00e4ngbleck.<\/p>","protected":false},"featured_media":1611,"template":"","meta":{"site-sidebar-layout":"default","site-content-layout":"","ast-site-content-layout":"default","site-content-style":"default","site-sidebar-style":"default","ast-global-header-display":"","ast-banner-title-visibility":"","ast-main-header-display":"","ast-hfb-above-header-display":"","ast-hfb-below-header-display":"","ast-hfb-mobile-header-display":"","site-post-title":"","ast-breadcrumbs-content":"","ast-featured-img":"","footer-sml-layout":"","ast-disable-related-posts":"","theme-transparent-header-meta":"default","adv-header-id-meta":"","stick-header-meta":"","header-above-stick-meta":"","header-main-stick-meta":"","header-below-stick-meta":"","astra-migrate-meta-layouts":"set","ast-page-background-enabled":"default","ast-page-background-meta":{"desktop":{"background-color":"var(--ast-global-color-4)","background-image":"","background-repeat":"repeat","background-position":"center center","background-size":"auto","background-attachment":"scroll","background-type":"","background-media":"","overlay-type":"","overlay-color":"","overlay-opacity":"","overlay-gradient":""},"tablet":{"background-color":"","background-image":"","background-repeat":"repeat","background-position":"center center","background-size":"auto","background-attachment":"scroll","background-type":"","background-media":"","overlay-type":"","overlay-color":"","overlay-opacity":"","overlay-gradient":""},"mobile":{"background-color":"","background-image":"","background-repeat":"repeat","background-position":"center center","background-size":"auto","background-attachment":"scroll","background-type":"","background-media":"","overlay-type":"","overlay-color":"","overlay-opacity":"","overlay-gradient":""}},"ast-content-background-meta":{"desktop":{"background-color":"var(--ast-global-color-5)","background-image":"","background-repeat":"repeat","background-position":"center center","background-size":"auto","background-attachment":"scroll","background-type":"","background-media":"","overlay-type":"","overlay-color":"","overlay-opacity":"","overlay-gradient":""},"tablet":{"background-color":"var(--ast-global-color-5)","background-image":"","background-repeat":"repeat","background-position":"center center","background-size":"auto","background-attachment":"scroll","background-type":"","background-media":"","overlay-type":"","overlay-color":"","overlay-opacity":"","overlay-gradient":""},"mobile":{"background-color":"var(--ast-global-color-5)","background-image":"","background-repeat":"repeat","background-position":"center center","background-size":"auto","background-attachment":"scroll","background-type":"","background-media":"","overlay-type":"","overlay-color":"","overlay-opacity":"","overlay-gradient":""}}},"product_brand":[],"product_cat":[25],"product_tag":[],"class_list":{"0":"post-1744","1":"product","2":"type-product","3":"status-publish","4":"has-post-thumbnail","6":"product_cat-centraldammsugare","7":"desktop-align-left","8":"tablet-align-left","9":"mobile-align-left","11":"first","12":"instock","13":"shipping-taxable","14":"product-type-simple"},"_links":{"self":[{"href":"https:\/\/eurovac.nu\/en\/wp-json\/wp\/v2\/product\/1744","targetHints":{"allow":["GET"]}}],"collection":[{"href":"https:\/\/eurovac.nu\/en\/wp-json\/wp\/v2\/product"}],"about":[{"href":"https:\/\/eurovac.nu\/en\/wp-json\/wp\/v2\/types\/product"}],"version-history":[{"count":10,"href":"https:\/\/eurovac.nu\/en\/wp-json\/wp\/v2\/product\/1744\/revisions"}],"predecessor-version":[{"id":2614,"href":"https:\/\/eurovac.nu\/en\/wp-json\/wp\/v2\/product\/1744\/revisions\/2614"}],"wp:featuredmedia":[{"embeddable":true,"href":"https:\/\/eurovac.nu\/en\/wp-json\/wp\/v2\/media\/1611"}],"wp:attachment":[{"href":"https:\/\/eurovac.nu\/en\/wp-json\/wp\/v2\/media?parent=1744"}],"wp:term":[{"taxonomy":"product_brand","embeddable":true,"href":"https:\/\/eurovac.nu\/en\/wp-json\/wp\/v2\/product_brand?post=1744"},{"taxonomy":"product_cat","embeddable":true,"href":"https:\/\/eurovac.nu\/en\/wp-json\/wp\/v2\/product_cat?post=1744"},{"taxonomy":"product_tag","embeddable":true,"href":"https:\/\/eurovac.nu\/en\/wp-json\/wp\/v2\/product_tag?post=1744"}],"curies":[{"name":"wp","href":"https:\/\/api.w.org\/{rel}","templated":true}]}}