{"id":2016,"date":"2023-12-21T10:57:31","date_gmt":"2023-12-21T09:57:31","guid":{"rendered":"https:\/\/eurovac.nu\/?post_type=product&#038;p=2016"},"modified":"2025-10-31T14:17:15","modified_gmt":"2025-10-31T13:17:15","slug":"pss-utsugsarm","status":"publish","type":"product","link":"https:\/\/eurovac.nu\/en\/punktutsug\/pss-utsugsarm\/","title":{"rendered":"PSS extraction arm"},"content":{"rendered":"","protected":false},"excerpt":{"rendered":"<h3 data-start=\"0\" data-end=\"54\">Punktutsug i rostfritt st\u00e5l f\u00f6r kr\u00e4vande milj\u00f6er<\/h3>\n<p data-start=\"56\" data-end=\"405\">Detta punktutsug \u00e4r konstruerat helt i rostfritt st\u00e5l och utvecklat f\u00f6r de mest kr\u00e4vande arbetsmilj\u00f6erna \u2013 s\u00e5som renrum, livsmedelsproduktion och ATEX-klassade omr\u00e5den. Tack vare den robusta konstruktionen, f\u00e5 komponenter och en fullt f\u00f6rseglad profil erbjuder systemet en kombination av h\u00f6g hygienstandard, s\u00e4kerhet och drifts\u00e4kerhet.<\/p>\n<p data-start=\"407\" data-end=\"439\"><strong>B\u00e4rarmar med sluten profil<br \/>\n<\/strong>B\u00e4rarmarna har en helt f\u00f6rseglad konstruktion som f\u00f6rhindrar att partiklar och smuts tr\u00e4nger in, vilket f\u00f6renklar reng\u00f6ring och minimerar risken f\u00f6r kontaminering.<\/p>\n<h4 data-start=\"701\" data-end=\"723\">ATEX-kompatibelt<\/h4>\n<p data-start=\"724\" data-end=\"972\">Punktutsuget \u00e4r ATEX-kompatibelt och uppfyller kraven i ATEX-direktivet f\u00f6r utrustningskategori 2 \u2013 b\u00e5de f\u00f6r gas och damm. Det inneb\u00e4r att det kan anv\u00e4ndas i zon 1 och 21, samt i zon 2 och 22.<\/p>\n<h5 data-start=\"974\" data-end=\"1009\">Renrumscertifierad utrustning<\/h5>\n<p data-start=\"1010\" data-end=\"1241\">Renrum \u00e4r kontrollerade arbetsmilj\u00f6er med strikta krav p\u00e5 luftens renhet, d\u00e4r m\u00e4ngden damm, mikrober, partiklar och kemiska \u00e5ngor m\u00e5ste h\u00e5llas p\u00e5 ett minimum.<\/p>\n<p data-start=\"1243\" data-end=\"1502\" data-is-last-node=\"\" data-is-only-node=\"\">Detta punktutsug \u00e4r renrumstestat och certifierat av tredjepart. Det uppfyller myndigheternas krav och \u00e4r godk\u00e4nt f\u00f6r anv\u00e4ndning i renrumskontrollerade milj\u00f6er.<\/p>","protected":false},"featured_media":2017,"template":"","meta":{"site-sidebar-layout":"default","site-content-layout":"","ast-site-content-layout":"default","site-content-style":"default","site-sidebar-style":"default","ast-global-header-display":"","ast-banner-title-visibility":"","ast-main-header-display":"","ast-hfb-above-header-display":"","ast-hfb-below-header-display":"","ast-hfb-mobile-header-display":"","site-post-title":"","ast-breadcrumbs-content":"","ast-featured-img":"","footer-sml-layout":"","ast-disable-related-posts":"","theme-transparent-header-meta":"default","adv-header-id-meta":"","stick-header-meta":"","header-above-stick-meta":"","header-main-stick-meta":"","header-below-stick-meta":"","astra-migrate-meta-layouts":"set","ast-page-background-enabled":"default","ast-page-background-meta":{"desktop":{"background-color":"var(--ast-global-color-4)","background-image":"","background-repeat":"repeat","background-position":"center center","background-size":"auto","background-attachment":"scroll","background-type":"","background-media":"","overlay-type":"","overlay-color":"","overlay-opacity":"","overlay-gradient":""},"tablet":{"background-color":"","background-image":"","background-repeat":"repeat","background-position":"center center","background-size":"auto","background-attachment":"scroll","background-type":"","background-media":"","overlay-type":"","overlay-color":"","overlay-opacity":"","overlay-gradient":""},"mobile":{"background-color":"","background-image":"","background-repeat":"repeat","background-position":"center center","background-size":"auto","background-attachment":"scroll","background-type":"","background-media":"","overlay-type":"","overlay-color":"","overlay-opacity":"","overlay-gradient":""}},"ast-content-background-meta":{"desktop":{"background-color":"var(--ast-global-color-5)","background-image":"","background-repeat":"repeat","background-position":"center center","background-size":"auto","background-attachment":"scroll","background-type":"","background-media":"","overlay-type":"","overlay-color":"","overlay-opacity":"","overlay-gradient":""},"tablet":{"background-color":"var(--ast-global-color-5)","background-image":"","background-repeat":"repeat","background-position":"center center","background-size":"auto","background-attachment":"scroll","background-type":"","background-media":"","overlay-type":"","overlay-color":"","overlay-opacity":"","overlay-gradient":""},"mobile":{"background-color":"var(--ast-global-color-5)","background-image":"","background-repeat":"repeat","background-position":"center center","background-size":"auto","background-attachment":"scroll","background-type":"","background-media":"","overlay-type":"","overlay-color":"","overlay-opacity":"","overlay-gradient":""}}},"product_brand":[],"product_cat":[27],"product_tag":[],"class_list":{"0":"post-2016","1":"product","2":"type-product","3":"status-publish","4":"has-post-thumbnail","6":"product_cat-punktutsug","7":"desktop-align-left","8":"tablet-align-left","9":"mobile-align-left","11":"first","12":"instock","13":"shipping-taxable","14":"product-type-simple"},"_links":{"self":[{"href":"https:\/\/eurovac.nu\/en\/wp-json\/wp\/v2\/product\/2016","targetHints":{"allow":["GET"]}}],"collection":[{"href":"https:\/\/eurovac.nu\/en\/wp-json\/wp\/v2\/product"}],"about":[{"href":"https:\/\/eurovac.nu\/en\/wp-json\/wp\/v2\/types\/product"}],"version-history":[{"count":4,"href":"https:\/\/eurovac.nu\/en\/wp-json\/wp\/v2\/product\/2016\/revisions"}],"predecessor-version":[{"id":2550,"href":"https:\/\/eurovac.nu\/en\/wp-json\/wp\/v2\/product\/2016\/revisions\/2550"}],"wp:featuredmedia":[{"embeddable":true,"href":"https:\/\/eurovac.nu\/en\/wp-json\/wp\/v2\/media\/2017"}],"wp:attachment":[{"href":"https:\/\/eurovac.nu\/en\/wp-json\/wp\/v2\/media?parent=2016"}],"wp:term":[{"taxonomy":"product_brand","embeddable":true,"href":"https:\/\/eurovac.nu\/en\/wp-json\/wp\/v2\/product_brand?post=2016"},{"taxonomy":"product_cat","embeddable":true,"href":"https:\/\/eurovac.nu\/en\/wp-json\/wp\/v2\/product_cat?post=2016"},{"taxonomy":"product_tag","embeddable":true,"href":"https:\/\/eurovac.nu\/en\/wp-json\/wp\/v2\/product_tag?post=2016"}],"curies":[{"name":"wp","href":"https:\/\/api.w.org\/{rel}","templated":true}]}}