{"id":2020,"date":"2023-12-21T10:59:20","date_gmt":"2023-12-21T09:59:20","guid":{"rendered":"https:\/\/eurovac.nu\/?post_type=product&#038;p=2020"},"modified":"2025-10-31T14:43:55","modified_gmt":"2025-10-31T13:43:55","slug":"ptex-utsugsarm","status":"publish","type":"product","link":"https:\/\/eurovac.nu\/en\/punktutsug\/ptex-utsugsarm\/","title":{"rendered":"PTEX extraction arm"},"content":{"rendered":"","protected":false},"excerpt":{"rendered":"<h3 aria-level=\"3\"><span data-contrast=\"none\">FUMEX PTEX \u00e4r ett kompakt och smidigt teleskopiskt punktutsug<\/span><\/h3>\n<p><span data-contrast=\"auto\">Utvecklat f\u00f6r arbetsplatser med begr\u00e4nsat utrymme. Med sin flexibla konstruktion och l\u00e5ga tryckfall ger den effektiv utsugning utan att ta on\u00f6dig plats.\u00a0<\/span><span data-ccp-props=\"{&quot;134233117&quot;:false,&quot;134233118&quot;:false,&quot;335559738&quot;:240,&quot;335559739&quot;:240}\">\u00a0<\/span><\/p>\n<p><span data-contrast=\"auto\">Punktutsuget har en diameter p\u00e5 <\/span><b><span data-contrast=\"auto\">\u00d8125 mm<\/span><\/b><span data-contrast=\"auto\"> och kan justeras i l\u00e4ngd fr\u00e5n <\/span><b><span data-contrast=\"auto\">1,3 till 2,1 meter<\/span><\/b><span data-contrast=\"auto\">. Sugdonet med manuellt spj\u00e4ll \u00e4r konstruerat helt i st\u00e5lpl\u00e5t. Det kan roteras 360\u00b0 samt vinklas 90\u00b0. D\u00e4rtill har inf\u00e4stningen i v\u00e4gg 360\u00b0 svivelfunktion.<\/span><span data-ccp-props=\"{&quot;134233117&quot;:false,&quot;134233118&quot;:false,&quot;335559738&quot;:240,&quot;335559739&quot;:240}\">\u00a0<\/span><\/p>\n<p><span data-contrast=\"auto\">En integrerad gasfj\u00e4der balanserar armens egenvikt, medan ett handvred m\u00f6jligg\u00f6r enkel justering av den \u00f6vre friktionsleden. De utv\u00e4ndiga b\u00e4rarmarna bidrar till ett mycket l\u00e5gt tryckfall och minskar risken f\u00f6r igens\u00e4ttning, samtidigt som sugkanalens sl\u00e4ta insida g\u00f6r reng\u00f6ringen snabb och enkel. Levereras komplett med v\u00e4ggf\u00e4ste f\u00f6r smidig installation.<\/span><span data-ccp-props=\"{&quot;134233117&quot;:false,&quot;134233118&quot;:false,&quot;335559738&quot;:240,&quot;335559739&quot;:240}\">\u00a0<\/span><\/p>","protected":false},"featured_media":2021,"template":"","meta":{"site-sidebar-layout":"default","site-content-layout":"","ast-site-content-layout":"default","site-content-style":"default","site-sidebar-style":"default","ast-global-header-display":"","ast-banner-title-visibility":"","ast-main-header-display":"","ast-hfb-above-header-display":"","ast-hfb-below-header-display":"","ast-hfb-mobile-header-display":"","site-post-title":"","ast-breadcrumbs-content":"","ast-featured-img":"","footer-sml-layout":"","ast-disable-related-posts":"","theme-transparent-header-meta":"default","adv-header-id-meta":"","stick-header-meta":"","header-above-stick-meta":"","header-main-stick-meta":"","header-below-stick-meta":"","astra-migrate-meta-layouts":"set","ast-page-background-enabled":"default","ast-page-background-meta":{"desktop":{"background-color":"var(--ast-global-color-4)","background-image":"","background-repeat":"repeat","background-position":"center center","background-size":"auto","background-attachment":"scroll","background-type":"","background-media":"","overlay-type":"","overlay-color":"","overlay-opacity":"","overlay-gradient":""},"tablet":{"background-color":"","background-image":"","background-repeat":"repeat","background-position":"center center","background-size":"auto","background-attachment":"scroll","background-type":"","background-media":"","overlay-type":"","overlay-color":"","overlay-opacity":"","overlay-gradient":""},"mobile":{"background-color":"","background-image":"","background-repeat":"repeat","background-position":"center center","background-size":"auto","background-attachment":"scroll","background-type":"","background-media":"","overlay-type":"","overlay-color":"","overlay-opacity":"","overlay-gradient":""}},"ast-content-background-meta":{"desktop":{"background-color":"var(--ast-global-color-5)","background-image":"","background-repeat":"repeat","background-position":"center center","background-size":"auto","background-attachment":"scroll","background-type":"","background-media":"","overlay-type":"","overlay-color":"","overlay-opacity":"","overlay-gradient":""},"tablet":{"background-color":"var(--ast-global-color-5)","background-image":"","background-repeat":"repeat","background-position":"center center","background-size":"auto","background-attachment":"scroll","background-type":"","background-media":"","overlay-type":"","overlay-color":"","overlay-opacity":"","overlay-gradient":""},"mobile":{"background-color":"var(--ast-global-color-5)","background-image":"","background-repeat":"repeat","background-position":"center center","background-size":"auto","background-attachment":"scroll","background-type":"","background-media":"","overlay-type":"","overlay-color":"","overlay-opacity":"","overlay-gradient":""}}},"product_brand":[],"product_cat":[27],"product_tag":[],"class_list":{"0":"post-2020","1":"product","2":"type-product","3":"status-publish","4":"has-post-thumbnail","6":"product_cat-punktutsug","7":"desktop-align-left","8":"tablet-align-left","9":"mobile-align-left","11":"first","12":"instock","13":"shipping-taxable","14":"product-type-simple"},"_links":{"self":[{"href":"https:\/\/eurovac.nu\/en\/wp-json\/wp\/v2\/product\/2020","targetHints":{"allow":["GET"]}}],"collection":[{"href":"https:\/\/eurovac.nu\/en\/wp-json\/wp\/v2\/product"}],"about":[{"href":"https:\/\/eurovac.nu\/en\/wp-json\/wp\/v2\/types\/product"}],"version-history":[{"count":4,"href":"https:\/\/eurovac.nu\/en\/wp-json\/wp\/v2\/product\/2020\/revisions"}],"predecessor-version":[{"id":2557,"href":"https:\/\/eurovac.nu\/en\/wp-json\/wp\/v2\/product\/2020\/revisions\/2557"}],"wp:featuredmedia":[{"embeddable":true,"href":"https:\/\/eurovac.nu\/en\/wp-json\/wp\/v2\/media\/2021"}],"wp:attachment":[{"href":"https:\/\/eurovac.nu\/en\/wp-json\/wp\/v2\/media?parent=2020"}],"wp:term":[{"taxonomy":"product_brand","embeddable":true,"href":"https:\/\/eurovac.nu\/en\/wp-json\/wp\/v2\/product_brand?post=2020"},{"taxonomy":"product_cat","embeddable":true,"href":"https:\/\/eurovac.nu\/en\/wp-json\/wp\/v2\/product_cat?post=2020"},{"taxonomy":"product_tag","embeddable":true,"href":"https:\/\/eurovac.nu\/en\/wp-json\/wp\/v2\/product_tag?post=2020"}],"curies":[{"name":"wp","href":"https:\/\/api.w.org\/{rel}","templated":true}]}}