{"id":2204,"date":"2024-01-22T09:03:40","date_gmt":"2024-01-22T08:03:40","guid":{"rendered":"https:\/\/eurovac.nu\/?post_type=product&#038;p=2204"},"modified":"2025-04-11T11:27:44","modified_gmt":"2025-04-11T09:27:44","slug":"eurovac-pur-8000","status":"publish","type":"product","link":"https:\/\/eurovac.nu\/en\/punktutsug\/eurovac-pur-8000\/","title":{"rendered":"Eurovac PUR 8000"},"content":{"rendered":"","protected":false},"excerpt":{"rendered":"<p>Enheten levereras som en kompakt ljudisolerad box som inneh\u00e5ller fl\u00e4kt, slangfilter, stoftk\u00e4rl och automatiksk\u00e5p samt Hepa-13 filter. Underdelen \u00e4r f\u00f6rsedd med gaffelf\u00e4sten f\u00f6r truck samt med lyft\u00f6glor som g\u00f6r den l\u00e4tt att placera p\u00e5 sin plats och \u00e4ven enkel att f\u00f6rflytta till annan uppst\u00e4llningsplats vid behov. Enheten fungerar som en \u201d Plug in \u201d enhet d\u00e5 den \u00e4r f\u00e4rdig f\u00f6rsedd med alla n\u00f6dv\u00e4ndiga komponenter som beh\u00f6vs f\u00f6r en v\u00e4l fungerande suganl\u00e4ggning.<\/p>","protected":false},"featured_media":2205,"template":"","meta":{"site-sidebar-layout":"default","site-content-layout":"","ast-site-content-layout":"default","site-content-style":"default","site-sidebar-style":"default","ast-global-header-display":"","ast-banner-title-visibility":"","ast-main-header-display":"","ast-hfb-above-header-display":"","ast-hfb-below-header-display":"","ast-hfb-mobile-header-display":"","site-post-title":"","ast-breadcrumbs-content":"","ast-featured-img":"","footer-sml-layout":"","ast-disable-related-posts":"","theme-transparent-header-meta":"default","adv-header-id-meta":"","stick-header-meta":"","header-above-stick-meta":"","header-main-stick-meta":"","header-below-stick-meta":"","astra-migrate-meta-layouts":"set","ast-page-background-enabled":"default","ast-page-background-meta":{"desktop":{"background-color":"var(--ast-global-color-4)","background-image":"","background-repeat":"repeat","background-position":"center center","background-size":"auto","background-attachment":"scroll","background-type":"","background-media":"","overlay-type":"","overlay-color":"","overlay-opacity":"","overlay-gradient":""},"tablet":{"background-color":"","background-image":"","background-repeat":"repeat","background-position":"center center","background-size":"auto","background-attachment":"scroll","background-type":"","background-media":"","overlay-type":"","overlay-color":"","overlay-opacity":"","overlay-gradient":""},"mobile":{"background-color":"","background-image":"","background-repeat":"repeat","background-position":"center center","background-size":"auto","background-attachment":"scroll","background-type":"","background-media":"","overlay-type":"","overlay-color":"","overlay-opacity":"","overlay-gradient":""}},"ast-content-background-meta":{"desktop":{"background-color":"var(--ast-global-color-5)","background-image":"","background-repeat":"repeat","background-position":"center center","background-size":"auto","background-attachment":"scroll","background-type":"","background-media":"","overlay-type":"","overlay-color":"","overlay-opacity":"","overlay-gradient":""},"tablet":{"background-color":"var(--ast-global-color-5)","background-image":"","background-repeat":"repeat","background-position":"center center","background-size":"auto","background-attachment":"scroll","background-type":"","background-media":"","overlay-type":"","overlay-color":"","overlay-opacity":"","overlay-gradient":""},"mobile":{"background-color":"var(--ast-global-color-5)","background-image":"","background-repeat":"repeat","background-position":"center center","background-size":"auto","background-attachment":"scroll","background-type":"","background-media":"","overlay-type":"","overlay-color":"","overlay-opacity":"","overlay-gradient":""}}},"product_brand":[],"product_cat":[27],"product_tag":[],"class_list":{"0":"post-2204","1":"product","2":"type-product","3":"status-publish","4":"has-post-thumbnail","6":"product_cat-punktutsug","7":"desktop-align-left","8":"tablet-align-left","9":"mobile-align-left","11":"first","12":"instock","13":"shipping-taxable","14":"product-type-simple"},"_links":{"self":[{"href":"https:\/\/eurovac.nu\/en\/wp-json\/wp\/v2\/product\/2204","targetHints":{"allow":["GET"]}}],"collection":[{"href":"https:\/\/eurovac.nu\/en\/wp-json\/wp\/v2\/product"}],"about":[{"href":"https:\/\/eurovac.nu\/en\/wp-json\/wp\/v2\/types\/product"}],"version-history":[{"count":2,"href":"https:\/\/eurovac.nu\/en\/wp-json\/wp\/v2\/product\/2204\/revisions"}],"predecessor-version":[{"id":2352,"href":"https:\/\/eurovac.nu\/en\/wp-json\/wp\/v2\/product\/2204\/revisions\/2352"}],"wp:featuredmedia":[{"embeddable":true,"href":"https:\/\/eurovac.nu\/en\/wp-json\/wp\/v2\/media\/2205"}],"wp:attachment":[{"href":"https:\/\/eurovac.nu\/en\/wp-json\/wp\/v2\/media?parent=2204"}],"wp:term":[{"taxonomy":"product_brand","embeddable":true,"href":"https:\/\/eurovac.nu\/en\/wp-json\/wp\/v2\/product_brand?post=2204"},{"taxonomy":"product_cat","embeddable":true,"href":"https:\/\/eurovac.nu\/en\/wp-json\/wp\/v2\/product_cat?post=2204"},{"taxonomy":"product_tag","embeddable":true,"href":"https:\/\/eurovac.nu\/en\/wp-json\/wp\/v2\/product_tag?post=2204"}],"curies":[{"name":"wp","href":"https:\/\/api.w.org\/{rel}","templated":true}]}}